{"id":513405,"date":"2021-08-20T11:24:17","date_gmt":"2021-08-20T09:24:17","guid":{"rendered":"https:\/\/pasedo.znakomity.net\/praca\/"},"modified":"2021-12-08T09:46:56","modified_gmt":"2021-12-08T08:46:56","slug":"praca","status":"publish","type":"page","link":"https:\/\/pasedo.pl\/hu\/praca\/","title":{"rendered":"Praca"},"content":{"rendered":"<p>PASEDO is seeking a SALES REPRESENTATIVE to our Export Department<\/p>\n<p>Requirements:<\/p>\n<ul>\n<li>experience in international trading &#8211; necessary!!!<\/li>\n<li>fluent business English<\/li>\n<li>other languages will be an additional advantage<\/li>\n<li>driving license<\/li>\n<\/ul>\n<p>We need an open, creative person, ready for working out of the country for most of the time. The person to be responsible for direct contact with foreign clients.<\/p>\n<p>CV to be sent at: <a href=\"mailto:praca@pasedo.pl\">praca@pasedo.pl<\/a><\/p>\n","protected":false},"excerpt":{"rendered":"<p>PASEDO is seeking a SALES REPRESENTATIVE to our Export Department Requirements: experience in international trading &#8211; necessary!!! fluent business English other languages will be an additional advantage driving license We need an open, creative person, ready for working out of the country for most of the time. The person to be responsible for direct contact [&hellip;]<\/p>\n","protected":false},"author":1,"featured_media":0,"parent":0,"menu_order":105,"comment_status":"closed","ping_status":"closed","template":"","meta":{"footnotes":""},"class_list":["post-513405","page","type-page","status-publish","hentry"],"acf":[],"yoast_head":"<!-- This site is optimized with the Yoast SEO plugin v19.10 - https:\/\/yoast.com\/wordpress\/plugins\/seo\/ -->\n<title>Praca - Pasedo<\/title>\n<meta name=\"robots\" content=\"index, follow, max-snippet:-1, max-image-preview:large, max-video-preview:-1\" \/>\n<link rel=\"canonical\" href=\"https:\/\/pasedo.pl\/hu\/praca\/\" \/>\n<meta property=\"og:locale\" content=\"hu_HU\" \/>\n<meta property=\"og:type\" content=\"article\" \/>\n<meta property=\"og:title\" content=\"Praca - Pasedo\" \/>\n<meta property=\"og:description\" content=\"PASEDO is seeking a SALES REPRESENTATIVE to our Export Department Requirements: experience in international trading &#8211; necessary!!! fluent business English other languages will be an additional advantage driving license We need an open, creative person, ready for working out of the country for most of the time. The person to be responsible for direct contact [&hellip;]\" \/>\n<meta property=\"og:url\" content=\"https:\/\/pasedo.pl\/hu\/praca\/\" \/>\n<meta property=\"og:site_name\" content=\"Pasedo\" \/>\n<meta property=\"article:publisher\" content=\"https:\/\/www.facebook.com\/pasedozawiercie\/?locale=pl_PL\" \/>\n<meta property=\"article:modified_time\" content=\"2021-12-08T08:46:56+00:00\" \/>\n<meta name=\"twitter:card\" content=\"summary_large_image\" \/>\n<meta name=\"twitter:label1\" content=\"Becs\u00fclt olvas\u00e1si id\u0151\" \/>\n\t<meta name=\"twitter:data1\" content=\"1 perc\" \/>\n<script type=\"application\/ld+json\" class=\"yoast-schema-graph\">{\"@context\":\"https:\/\/schema.org\",\"@graph\":[{\"@type\":\"WebPage\",\"@id\":\"https:\/\/pasedo.pl\/hu\/praca\/\",\"url\":\"https:\/\/pasedo.pl\/hu\/praca\/\",\"name\":\"Praca - Pasedo\",\"isPartOf\":{\"@id\":\"https:\/\/pasedo.pl\/hu\/#website\"},\"datePublished\":\"2021-08-20T09:24:17+00:00\",\"dateModified\":\"2021-12-08T08:46:56+00:00\",\"breadcrumb\":{\"@id\":\"https:\/\/pasedo.pl\/hu\/praca\/#breadcrumb\"},\"inLanguage\":\"hu\",\"potentialAction\":[{\"@type\":\"ReadAction\",\"target\":[\"https:\/\/pasedo.pl\/hu\/praca\/\"]}]},{\"@type\":\"BreadcrumbList\",\"@id\":\"https:\/\/pasedo.pl\/hu\/praca\/#breadcrumb\",\"itemListElement\":[{\"@type\":\"ListItem\",\"position\":1,\"name\":\"Home\",\"item\":\"https:\/\/pasedo.pl\/hu\/\"},{\"@type\":\"ListItem\",\"position\":2,\"name\":\"Praca\"}]},{\"@type\":\"WebSite\",\"@id\":\"https:\/\/pasedo.pl\/hu\/#website\",\"url\":\"https:\/\/pasedo.pl\/hu\/\",\"name\":\"Pasedo\",\"description\":\"\",\"publisher\":{\"@id\":\"https:\/\/pasedo.pl\/hu\/#organization\"},\"potentialAction\":[{\"@type\":\"SearchAction\",\"target\":{\"@type\":\"EntryPoint\",\"urlTemplate\":\"https:\/\/pasedo.pl\/hu\/?s={search_term_string}\"},\"query-input\":\"required name=search_term_string\"}],\"inLanguage\":\"hu\"},{\"@type\":\"Organization\",\"@id\":\"https:\/\/pasedo.pl\/hu\/#organization\",\"name\":\"Pasedo\",\"url\":\"https:\/\/pasedo.pl\/hu\/\",\"logo\":{\"@type\":\"ImageObject\",\"inLanguage\":\"hu\",\"@id\":\"https:\/\/pasedo.pl\/hu\/#\/schema\/logo\/image\/\",\"url\":\"https:\/\/pasedo.pl\/wp-content\/uploads\/2021\/12\/logo-2.png\",\"contentUrl\":\"https:\/\/pasedo.pl\/wp-content\/uploads\/2021\/12\/logo-2.png\",\"width\":324,\"height\":74,\"caption\":\"Pasedo\"},\"image\":{\"@id\":\"https:\/\/pasedo.pl\/hu\/#\/schema\/logo\/image\/\"},\"sameAs\":[\"https:\/\/pl.linkedin.com\/company\/pasedo\",\"https:\/\/www.facebook.com\/pasedozawiercie\/?locale=pl_PL\"]}]}<\/script>\n<!-- \/ Yoast SEO plugin. -->","yoast_head_json":{"title":"Praca - Pasedo","robots":{"index":"index","follow":"follow","max-snippet":"max-snippet:-1","max-image-preview":"max-image-preview:large","max-video-preview":"max-video-preview:-1"},"canonical":"https:\/\/pasedo.pl\/hu\/praca\/","og_locale":"hu_HU","og_type":"article","og_title":"Praca - Pasedo","og_description":"PASEDO is seeking a SALES REPRESENTATIVE to our Export Department Requirements: experience in international trading &#8211; necessary!!! fluent business English other languages will be an additional advantage driving license We need an open, creative person, ready for working out of the country for most of the time. The person to be responsible for direct contact [&hellip;]","og_url":"https:\/\/pasedo.pl\/hu\/praca\/","og_site_name":"Pasedo","article_publisher":"https:\/\/www.facebook.com\/pasedozawiercie\/?locale=pl_PL","article_modified_time":"2021-12-08T08:46:56+00:00","twitter_card":"summary_large_image","twitter_misc":{"Becs\u00fclt olvas\u00e1si id\u0151":"1 perc"},"schema":{"@context":"https:\/\/schema.org","@graph":[{"@type":"WebPage","@id":"https:\/\/pasedo.pl\/hu\/praca\/","url":"https:\/\/pasedo.pl\/hu\/praca\/","name":"Praca - Pasedo","isPartOf":{"@id":"https:\/\/pasedo.pl\/hu\/#website"},"datePublished":"2021-08-20T09:24:17+00:00","dateModified":"2021-12-08T08:46:56+00:00","breadcrumb":{"@id":"https:\/\/pasedo.pl\/hu\/praca\/#breadcrumb"},"inLanguage":"hu","potentialAction":[{"@type":"ReadAction","target":["https:\/\/pasedo.pl\/hu\/praca\/"]}]},{"@type":"BreadcrumbList","@id":"https:\/\/pasedo.pl\/hu\/praca\/#breadcrumb","itemListElement":[{"@type":"ListItem","position":1,"name":"Home","item":"https:\/\/pasedo.pl\/hu\/"},{"@type":"ListItem","position":2,"name":"Praca"}]},{"@type":"WebSite","@id":"https:\/\/pasedo.pl\/hu\/#website","url":"https:\/\/pasedo.pl\/hu\/","name":"Pasedo","description":"","publisher":{"@id":"https:\/\/pasedo.pl\/hu\/#organization"},"potentialAction":[{"@type":"SearchAction","target":{"@type":"EntryPoint","urlTemplate":"https:\/\/pasedo.pl\/hu\/?s={search_term_string}"},"query-input":"required name=search_term_string"}],"inLanguage":"hu"},{"@type":"Organization","@id":"https:\/\/pasedo.pl\/hu\/#organization","name":"Pasedo","url":"https:\/\/pasedo.pl\/hu\/","logo":{"@type":"ImageObject","inLanguage":"hu","@id":"https:\/\/pasedo.pl\/hu\/#\/schema\/logo\/image\/","url":"https:\/\/pasedo.pl\/wp-content\/uploads\/2021\/12\/logo-2.png","contentUrl":"https:\/\/pasedo.pl\/wp-content\/uploads\/2021\/12\/logo-2.png","width":324,"height":74,"caption":"Pasedo"},"image":{"@id":"https:\/\/pasedo.pl\/hu\/#\/schema\/logo\/image\/"},"sameAs":["https:\/\/pl.linkedin.com\/company\/pasedo","https:\/\/www.facebook.com\/pasedozawiercie\/?locale=pl_PL"]}]}},"_links":{"self":[{"href":"https:\/\/pasedo.pl\/hu\/wp-json\/wp\/v2\/pages\/513405","targetHints":{"allow":["GET"]}}],"collection":[{"href":"https:\/\/pasedo.pl\/hu\/wp-json\/wp\/v2\/pages"}],"about":[{"href":"https:\/\/pasedo.pl\/hu\/wp-json\/wp\/v2\/types\/page"}],"author":[{"embeddable":true,"href":"https:\/\/pasedo.pl\/hu\/wp-json\/wp\/v2\/users\/1"}],"replies":[{"embeddable":true,"href":"https:\/\/pasedo.pl\/hu\/wp-json\/wp\/v2\/comments?post=513405"}],"version-history":[{"count":1,"href":"https:\/\/pasedo.pl\/hu\/wp-json\/wp\/v2\/pages\/513405\/revisions"}],"predecessor-version":[{"id":591432,"href":"https:\/\/pasedo.pl\/hu\/wp-json\/wp\/v2\/pages\/513405\/revisions\/591432"}],"wp:attachment":[{"href":"https:\/\/pasedo.pl\/hu\/wp-json\/wp\/v2\/media?parent=513405"}],"curies":[{"name":"wp","href":"https:\/\/api.w.org\/{rel}","templated":true}]}}