{"id":513413,"date":"2021-08-20T10:32:08","date_gmt":"2021-08-20T08:32:08","guid":{"rendered":"https:\/\/pasedo.znakomity.net\/wsparcie\/"},"modified":"2021-08-20T10:32:08","modified_gmt":"2021-08-20T08:32:08","slug":"wsparcie","status":"publish","type":"page","link":"https:\/\/pasedo.pl\/ru\/wsparcie\/","title":{"rendered":"Wsparcie"},"content":{"rendered":"<p>Og\u00f3lne Warunki Sprzeda\u017cy PASEDO<\/p>\n<p>Postanowienia og\u00f3lne<\/p>\n<p>1.1. Niniejsze Og\u00f3lne Warunki Sprzeda\u017cy stanowi\u0105 integraln\u0105 cz\u0119\u015b\u0107 wszystkich transakcji handlowych zawartych mi\u0119dzy firm\u0105 PASEDO, zwan\u0105 dalej Sprzedaj\u0105cym, a Kupuj\u0105cym i okre\u015blaj\u0105 ich wzajemne relacje.<br \/>\n1.2. Pod poj\u0119ciami \u201eprodukt\u201d lub \u201eprodukty\u201d w kontek\u015bcie niniejszych Warunk\u00f3w rozumie si\u0119 ka\u017cdy towar, kt\u00f3ry oferuje lub dostarcza firma PASEDO.<\/p>\n<p>Ceny i p\u0142atno\u015bci<\/p>\n<p>2.1. Ceny oferowanych produkt\u00f3w ustalone s\u0105 w EUR. W przypadku p\u0142atno\u015bci<br \/>\nw PLN do cen stosuje si\u0119 kurs sprzeda\u017cy ING Bank \u015al\u0105ski z dnia wystawienia dokument\u00f3w sprzeda\u017cy.<\/p>\n<p>2.2. Na \u017cyczenie Kupuj\u0105cego faktura mo\u017ce by\u0107 wystawiona w EUR.<\/p>\n<p>2.3. Ceny ustalone przez firm\u0119 PASEDO obowi\u0105zuj\u0105 na bazie EXW-Zawiercie i nie zawieraj\u0105 koszt\u00f3w transportu. Po wcze\u015bniejszym uzgodnieniu istnieje mo\u017cliwo\u015b\u0107 cz\u0119\u015bciowego pokrycia koszt\u00f3w transportu przez Sprzedaj\u0105cego, w zale\u017cno\u015bci od wielko\u015bci zam\u00f3wienia oraz odleg\u0142o\u015bci.<\/p>\n<p>2.4. W ceny produkt\u00f3w wliczone s\u0105 koszty opakowania.<\/p>\n<p>2.5. Je\u015bli Strony nie ustali\u0142y inaczej, Kupuj\u0105cy zobowi\u0105zany jest do uiszczenia 30% przedp\u0142aty niezw\u0142ocznie po z\u0142o\u017ceniu zam\u00f3wienia, a pozosta\u0142ych 70% nie p\u00f3\u017aniej ni\u017c w ci\u0105gu 3 dni od daty potwierdzenie gotowo\u015bci zam\u00f3wionego towaru, na podstawie faktury pro forma.<\/p>\n<p>2.6. Strony mog\u0105 ustali\u0107 inne warunki p\u0142atno\u015bci.<\/p>\n","protected":false},"excerpt":{"rendered":"<p>Og\u00f3lne Warunki Sprzeda\u017cy PASEDO Postanowienia og\u00f3lne 1.1. Niniejsze Og\u00f3lne Warunki Sprzeda\u017cy stanowi\u0105 integraln\u0105 cz\u0119\u015b\u0107 wszystkich transakcji handlowych zawartych mi\u0119dzy firm\u0105 PASEDO, zwan\u0105 dalej Sprzedaj\u0105cym, a Kupuj\u0105cym i okre\u015blaj\u0105 ich wzajemne relacje. 1.2. Pod poj\u0119ciami \u201eprodukt\u201d lub \u201eprodukty\u201d w kontek\u015bcie niniejszych Warunk\u00f3w rozumie si\u0119 ka\u017cdy towar, kt\u00f3ry oferuje lub dostarcza firma PASEDO. Ceny i p\u0142atno\u015bci 2.1. [&hellip;]<\/p>\n","protected":false},"author":1,"featured_media":0,"parent":0,"menu_order":124,"comment_status":"closed","ping_status":"closed","template":"","meta":{"footnotes":""},"class_list":["post-513413","page","type-page","status-publish","hentry"],"acf":[],"yoast_head":"<!-- This site is optimized with the Yoast SEO plugin v19.10 - https:\/\/yoast.com\/wordpress\/plugins\/seo\/ -->\n<title>Wsparcie - Pasedo<\/title>\n<meta name=\"robots\" content=\"index, follow, max-snippet:-1, max-image-preview:large, max-video-preview:-1\" \/>\n<link rel=\"canonical\" href=\"https:\/\/pasedo.pl\/ru\/wsparcie\/\" \/>\n<meta property=\"og:locale\" content=\"ru_RU\" \/>\n<meta property=\"og:type\" content=\"article\" \/>\n<meta property=\"og:title\" content=\"Wsparcie - Pasedo\" \/>\n<meta property=\"og:description\" content=\"Og\u00f3lne Warunki Sprzeda\u017cy PASEDO Postanowienia og\u00f3lne 1.1. Niniejsze Og\u00f3lne Warunki Sprzeda\u017cy stanowi\u0105 integraln\u0105 cz\u0119\u015b\u0107 wszystkich transakcji handlowych zawartych mi\u0119dzy firm\u0105 PASEDO, zwan\u0105 dalej Sprzedaj\u0105cym, a Kupuj\u0105cym i okre\u015blaj\u0105 ich wzajemne relacje. 1.2. Pod poj\u0119ciami \u201eprodukt\u201d lub \u201eprodukty\u201d w kontek\u015bcie niniejszych Warunk\u00f3w rozumie si\u0119 ka\u017cdy towar, kt\u00f3ry oferuje lub dostarcza firma PASEDO. Ceny i p\u0142atno\u015bci 2.1. [&hellip;]\" \/>\n<meta property=\"og:url\" content=\"https:\/\/pasedo.pl\/ru\/wsparcie\/\" \/>\n<meta property=\"og:site_name\" content=\"Pasedo\" \/>\n<meta property=\"article:publisher\" content=\"https:\/\/www.facebook.com\/pasedozawiercie\/?locale=pl_PL\" \/>\n<meta name=\"twitter:card\" content=\"summary_large_image\" \/>\n<meta name=\"twitter:label1\" content=\"\u041f\u0440\u0438\u043c\u0435\u0440\u043d\u043e\u0435 \u0432\u0440\u0435\u043c\u044f \u0434\u043b\u044f \u0447\u0442\u0435\u043d\u0438\u044f\" \/>\n\t<meta name=\"twitter:data1\" content=\"1 \u043c\u0438\u043d\u0443\u0442\u0430\" \/>\n<script type=\"application\/ld+json\" class=\"yoast-schema-graph\">{\"@context\":\"https:\/\/schema.org\",\"@graph\":[{\"@type\":\"WebPage\",\"@id\":\"https:\/\/pasedo.pl\/ru\/wsparcie\/\",\"url\":\"https:\/\/pasedo.pl\/ru\/wsparcie\/\",\"name\":\"Wsparcie - Pasedo\",\"isPartOf\":{\"@id\":\"https:\/\/pasedo.pl\/ru\/#website\"},\"datePublished\":\"2021-08-20T08:32:08+00:00\",\"dateModified\":\"2021-08-20T08:32:08+00:00\",\"breadcrumb\":{\"@id\":\"https:\/\/pasedo.pl\/ru\/wsparcie\/#breadcrumb\"},\"inLanguage\":\"ru-RU\",\"potentialAction\":[{\"@type\":\"ReadAction\",\"target\":[\"https:\/\/pasedo.pl\/ru\/wsparcie\/\"]}]},{\"@type\":\"BreadcrumbList\",\"@id\":\"https:\/\/pasedo.pl\/ru\/wsparcie\/#breadcrumb\",\"itemListElement\":[{\"@type\":\"ListItem\",\"position\":1,\"name\":\"Home\",\"item\":\"https:\/\/pasedo.pl\/ru\/\"},{\"@type\":\"ListItem\",\"position\":2,\"name\":\"Wsparcie\"}]},{\"@type\":\"WebSite\",\"@id\":\"https:\/\/pasedo.pl\/ru\/#website\",\"url\":\"https:\/\/pasedo.pl\/ru\/\",\"name\":\"Pasedo\",\"description\":\"\",\"publisher\":{\"@id\":\"https:\/\/pasedo.pl\/ru\/#organization\"},\"potentialAction\":[{\"@type\":\"SearchAction\",\"target\":{\"@type\":\"EntryPoint\",\"urlTemplate\":\"https:\/\/pasedo.pl\/ru\/?s={search_term_string}\"},\"query-input\":\"required name=search_term_string\"}],\"inLanguage\":\"ru-RU\"},{\"@type\":\"Organization\",\"@id\":\"https:\/\/pasedo.pl\/ru\/#organization\",\"name\":\"Pasedo\",\"url\":\"https:\/\/pasedo.pl\/ru\/\",\"logo\":{\"@type\":\"ImageObject\",\"inLanguage\":\"ru-RU\",\"@id\":\"https:\/\/pasedo.pl\/ru\/#\/schema\/logo\/image\/\",\"url\":\"https:\/\/pasedo.pl\/wp-content\/uploads\/2021\/12\/logo-2.png\",\"contentUrl\":\"https:\/\/pasedo.pl\/wp-content\/uploads\/2021\/12\/logo-2.png\",\"width\":324,\"height\":74,\"caption\":\"Pasedo\"},\"image\":{\"@id\":\"https:\/\/pasedo.pl\/ru\/#\/schema\/logo\/image\/\"},\"sameAs\":[\"https:\/\/pl.linkedin.com\/company\/pasedo\",\"https:\/\/www.facebook.com\/pasedozawiercie\/?locale=pl_PL\"]}]}<\/script>\n<!-- \/ Yoast SEO plugin. -->","yoast_head_json":{"title":"Wsparcie - Pasedo","robots":{"index":"index","follow":"follow","max-snippet":"max-snippet:-1","max-image-preview":"max-image-preview:large","max-video-preview":"max-video-preview:-1"},"canonical":"https:\/\/pasedo.pl\/ru\/wsparcie\/","og_locale":"ru_RU","og_type":"article","og_title":"Wsparcie - Pasedo","og_description":"Og\u00f3lne Warunki Sprzeda\u017cy PASEDO Postanowienia og\u00f3lne 1.1. Niniejsze Og\u00f3lne Warunki Sprzeda\u017cy stanowi\u0105 integraln\u0105 cz\u0119\u015b\u0107 wszystkich transakcji handlowych zawartych mi\u0119dzy firm\u0105 PASEDO, zwan\u0105 dalej Sprzedaj\u0105cym, a Kupuj\u0105cym i okre\u015blaj\u0105 ich wzajemne relacje. 1.2. Pod poj\u0119ciami \u201eprodukt\u201d lub \u201eprodukty\u201d w kontek\u015bcie niniejszych Warunk\u00f3w rozumie si\u0119 ka\u017cdy towar, kt\u00f3ry oferuje lub dostarcza firma PASEDO. Ceny i p\u0142atno\u015bci 2.1. [&hellip;]","og_url":"https:\/\/pasedo.pl\/ru\/wsparcie\/","og_site_name":"Pasedo","article_publisher":"https:\/\/www.facebook.com\/pasedozawiercie\/?locale=pl_PL","twitter_card":"summary_large_image","twitter_misc":{"\u041f\u0440\u0438\u043c\u0435\u0440\u043d\u043e\u0435 \u0432\u0440\u0435\u043c\u044f \u0434\u043b\u044f \u0447\u0442\u0435\u043d\u0438\u044f":"1 \u043c\u0438\u043d\u0443\u0442\u0430"},"schema":{"@context":"https:\/\/schema.org","@graph":[{"@type":"WebPage","@id":"https:\/\/pasedo.pl\/ru\/wsparcie\/","url":"https:\/\/pasedo.pl\/ru\/wsparcie\/","name":"Wsparcie - Pasedo","isPartOf":{"@id":"https:\/\/pasedo.pl\/ru\/#website"},"datePublished":"2021-08-20T08:32:08+00:00","dateModified":"2021-08-20T08:32:08+00:00","breadcrumb":{"@id":"https:\/\/pasedo.pl\/ru\/wsparcie\/#breadcrumb"},"inLanguage":"ru-RU","potentialAction":[{"@type":"ReadAction","target":["https:\/\/pasedo.pl\/ru\/wsparcie\/"]}]},{"@type":"BreadcrumbList","@id":"https:\/\/pasedo.pl\/ru\/wsparcie\/#breadcrumb","itemListElement":[{"@type":"ListItem","position":1,"name":"Home","item":"https:\/\/pasedo.pl\/ru\/"},{"@type":"ListItem","position":2,"name":"Wsparcie"}]},{"@type":"WebSite","@id":"https:\/\/pasedo.pl\/ru\/#website","url":"https:\/\/pasedo.pl\/ru\/","name":"Pasedo","description":"","publisher":{"@id":"https:\/\/pasedo.pl\/ru\/#organization"},"potentialAction":[{"@type":"SearchAction","target":{"@type":"EntryPoint","urlTemplate":"https:\/\/pasedo.pl\/ru\/?s={search_term_string}"},"query-input":"required name=search_term_string"}],"inLanguage":"ru-RU"},{"@type":"Organization","@id":"https:\/\/pasedo.pl\/ru\/#organization","name":"Pasedo","url":"https:\/\/pasedo.pl\/ru\/","logo":{"@type":"ImageObject","inLanguage":"ru-RU","@id":"https:\/\/pasedo.pl\/ru\/#\/schema\/logo\/image\/","url":"https:\/\/pasedo.pl\/wp-content\/uploads\/2021\/12\/logo-2.png","contentUrl":"https:\/\/pasedo.pl\/wp-content\/uploads\/2021\/12\/logo-2.png","width":324,"height":74,"caption":"Pasedo"},"image":{"@id":"https:\/\/pasedo.pl\/ru\/#\/schema\/logo\/image\/"},"sameAs":["https:\/\/pl.linkedin.com\/company\/pasedo","https:\/\/www.facebook.com\/pasedozawiercie\/?locale=pl_PL"]}]}},"_links":{"self":[{"href":"https:\/\/pasedo.pl\/ru\/wp-json\/wp\/v2\/pages\/513413","targetHints":{"allow":["GET"]}}],"collection":[{"href":"https:\/\/pasedo.pl\/ru\/wp-json\/wp\/v2\/pages"}],"about":[{"href":"https:\/\/pasedo.pl\/ru\/wp-json\/wp\/v2\/types\/page"}],"author":[{"embeddable":true,"href":"https:\/\/pasedo.pl\/ru\/wp-json\/wp\/v2\/users\/1"}],"replies":[{"embeddable":true,"href":"https:\/\/pasedo.pl\/ru\/wp-json\/wp\/v2\/comments?post=513413"}],"version-history":[{"count":0,"href":"https:\/\/pasedo.pl\/ru\/wp-json\/wp\/v2\/pages\/513413\/revisions"}],"wp:attachment":[{"href":"https:\/\/pasedo.pl\/ru\/wp-json\/wp\/v2\/media?parent=513413"}],"curies":[{"name":"wp","href":"https:\/\/api.w.org\/{rel}","templated":true}]}}